{"id":18,"date":"2012-11-17T01:10:50","date_gmt":"2012-11-16T23:10:50","guid":{"rendered":"http:\/\/www.haus-ambiente.com\/wordpress\/?page_id=18"},"modified":"2020-05-03T18:53:14","modified_gmt":"2020-05-03T16:53:14","slug":"freizeitgestaltung","status":"publish","type":"page","link":"https:\/\/www.haus-ambiente.com\/?page_id=18","title":{"rendered":"Freizeitgestaltung"},"content":{"rendered":"<p>F\u00fcr Ihre Freizeitgestaltung haben wir eine Reihe interessanter touristischer Ziele zusammengestellt.<\/p>\n<h4>Natur<\/h4>\n<ul>\n<li><a href=\"http:\/\/www.kirnbergsee.de\/\" target=\"_blank\" rel=\"noopener\">Kirnbergsee<\/a><\/li>\n<li><a href=\"http:\/\/www.schluchtensteig.de\/\" target=\"_blank\" rel=\"noopener\">Wutachschlucht\/Schluchtensteig<\/a><\/li>\n<li><a href=\"http:\/\/www.badische-seiten.de\/breitnau\/ravennaschlucht.php\" target=\"_blank\" rel=\"noopener\">Ravennaschlucht<\/a><\/li>\n<li><a href=\"http:\/\/www.donauquelle.de\/\" target=\"_blank\" rel=\"noopener\">Donauquelle<\/a><\/li>\n<li><a href=\"http:\/\/www.frsw.de\/hochfirst.htm\" target=\"_blank\" rel=\"noopener\">Hochfirst<\/a><\/li>\n<li><a href=\"http:\/\/www.hochschwarzwald.de\/Entdecken\/Region-Orte\/Feldberg\" target=\"_blank\" rel=\"noopener\">Feldberg<\/a><\/li>\n<li><a href=\"http:\/\/www.schauinsland.de\/\" target=\"_blank\" rel=\"noopener\">Schauinsland<\/a><\/li>\n<li><a href=\"http:\/\/www.titisee.com\/\" target=\"_blank\" rel=\"noopener\">Titisee<\/a><\/li>\n<li><a href=\"http:\/\/www.schluchsee.de\/\" target=\"_blank\" rel=\"noopener\">Schluchsee<\/a><\/li>\n<li><a href=\"http:\/\/www.rheinfall.ch\/\" target=\"_blank\" rel=\"noopener\">Rheinfall Schaffhausen\u00a0(Schweiz)<\/a><\/li>\n<li><a href=\"http:\/\/www.schwarzwald.com\/sehenswertes\/triberg.html\" target=\"_blank\" rel=\"noopener\">Triberger Wasserf\u00e4lle<\/a><\/li>\n<\/ul>\n<h4>Orte\/Kultur<\/h4>\n<ul>\n<li><a href=\"http:\/\/www.loeffingen.de\/\" target=\"_blank\" rel=\"noopener\">L\u00f6ffingen<\/a><\/li>\n<li><a href=\"http:\/\/www.braeunlingen.de\/\" target=\"_blank\" rel=\"noopener\">Br\u00e4unlingen<\/a><\/li>\n<li><a href=\"http:\/\/www.stblasien.de\/\" target=\"_blank\" rel=\"noopener\">St. Blasien<\/a><\/li>\n<li><a href=\"http:\/\/www.villingen-schwenningen.de\/\" target=\"_blank\" rel=\"noopener\">Villingen<\/a><\/li>\n<li><a href=\"http:\/\/www.freiburg.de\/\" target=\"_blank\" rel=\"noopener\">Freiburg<\/a><\/li>\n<li><a href=\"x-msg:\/\/12\/ww.vogtsbauernhof.de\" target=\"_blank\" rel=\"noopener\">Vogtsbauernh\u00f6fe<\/a><\/li>\n<\/ul>\n<h4>Parks und B\u00e4der<\/h4>\n<ul>\n<li><a href=\"http:\/\/www.schwarzwaldpark-loeffingen.de\/\" target=\"_blank\" rel=\"noopener\">Schwarzwaldpark L\u00f6ffingen<\/a><\/li>\n<li><a href=\"http:\/\/www.solemar.de\/\" target=\"_blank\" rel=\"noopener\">Solemar Bad D\u00fcrrheim<\/a><\/li>\n<li><a href=\"http:\/\/www.badeparadies-schwarzwald.de\/\" target=\"_blank\" rel=\"noopener\">Badeparadies Schwarzwald\u00a0\u00a0Titisee Neustadt<\/a><\/li>\n<li><a href=\"http:\/\/www.steinwasen-park.de\/\" target=\"_blank\" rel=\"noopener\">Steinwasenpark<\/a><\/li>\n<li><a href=\"http:\/\/www.europapark.de\/\" target=\"_blank\" rel=\"noopener\">Europapark Rust<\/a><\/li>\n<\/ul>\n<h4>Sport<\/h4>\n<ul>\n<li>\u00a0Golfplatz<\/li>\n<li>Skilanglauf und Abfahrtsstrecken<\/li>\n<li>Wanderrouten<\/li>\n<\/ul>\n<p>Wenn\u2019s mehr sein soll, erreichen Sie weitere touristische Ziele Richtung Bodensee in kurzer Zeit.<\/p>\n","protected":false},"excerpt":{"rendered":"<p>F\u00fcr Ihre Freizeitgestaltung haben wir eine Reihe interessanter touristischer Ziele zusammengestellt. Natur Kirnbergsee Wutachschlucht\/Schluchtensteig Ravennaschlucht Donauquelle Hochfirst Feldberg Schauinsland Titisee Schluchsee Rheinfall Schaffhausen\u00a0(Schweiz) Triberger Wasserf\u00e4lle Orte\/Kultur L\u00f6ffingen Br\u00e4unlingen St. Blasien Villingen Freiburg Vogtsbauernh\u00f6fe Parks und B\u00e4der Schwarzwaldpark L\u00f6ffingen Solemar Bad D\u00fcrrheim Badeparadies Schwarzwald\u00a0\u00a0Titisee Neustadt Steinwasenpark Europapark Rust Sport \u00a0Golfplatz Skilanglauf und Abfahrtsstrecken Wanderrouten Wenn\u2019s mehr [&hellip;]<\/p>\n","protected":false},"author":1,"featured_media":224,"parent":0,"menu_order":3,"comment_status":"closed","ping_status":"closed","template":"","meta":{"footnotes":""},"class_list":["post-18","page","type-page","status-publish","has-post-thumbnail","hentry"],"_links":{"self":[{"href":"https:\/\/www.haus-ambiente.com\/index.php?rest_route=\/wp\/v2\/pages\/18","targetHints":{"allow":["GET"]}}],"collection":[{"href":"https:\/\/www.haus-ambiente.com\/index.php?rest_route=\/wp\/v2\/pages"}],"about":[{"href":"https:\/\/www.haus-ambiente.com\/index.php?rest_route=\/wp\/v2\/types\/page"}],"author":[{"embeddable":true,"href":"https:\/\/www.haus-ambiente.com\/index.php?rest_route=\/wp\/v2\/users\/1"}],"replies":[{"embeddable":true,"href":"https:\/\/www.haus-ambiente.com\/index.php?rest_route=%2Fwp%2Fv2%2Fcomments&post=18"}],"version-history":[{"count":14,"href":"https:\/\/www.haus-ambiente.com\/index.php?rest_route=\/wp\/v2\/pages\/18\/revisions"}],"predecessor-version":[{"id":288,"href":"https:\/\/www.haus-ambiente.com\/index.php?rest_route=\/wp\/v2\/pages\/18\/revisions\/288"}],"wp:featuredmedia":[{"embeddable":true,"href":"https:\/\/www.haus-ambiente.com\/index.php?rest_route=\/wp\/v2\/media\/224"}],"wp:attachment":[{"href":"https:\/\/www.haus-ambiente.com\/index.php?rest_route=%2Fwp%2Fv2%2Fmedia&parent=18"}],"curies":[{"name":"wp","href":"https:\/\/api.w.org\/{rel}","templated":true}]}}