{"id":20,"date":"2012-11-17T01:14:34","date_gmt":"2012-11-16T23:14:34","guid":{"rendered":"http:\/\/www.haus-ambiente.com\/wordpress\/?page_id=20"},"modified":"2020-05-03T18:53:32","modified_gmt":"2020-05-03T16:53:32","slug":"kontakt","status":"publish","type":"page","link":"https:\/\/www.haus-ambiente.com\/?page_id=20","title":{"rendered":"Kontakt"},"content":{"rendered":"<h4>Ihre Vermieter:<\/h4>\n<p>Ludwig und Melanie M\u00fcller<br \/>\nFischer-von-Erlach-Str. 72<br \/>\n06114 Halle (Saale)<\/p>\n<p>Tel.: 0345-5211618<br \/>\nFax: 0345-5211619<\/p>\n<p><a href=\"mailto:mueller.halle@gmx.de\">mueller.halle@gmx.de<\/a><\/p>\n<h4>Vermietung \u00fcber:<\/h4>\n<p>Interhome GmbH<br \/>\nFliederstra\u00dfe 2<br \/>\n79843 L\u00f6ffingen-Dittishausen<\/p>\n<p>Tel.: 07654 922122<br \/>\nFax: 07654-922124<\/p>\n<p><a href=\"mailto:dittishausen@interhome.de\">dittishausen@interhome.de<\/a><\/p>\n<h4>Das Haus<\/h4>\n<p>Haus Ambiente<br \/>\nIn den R\u00fcttenen 11<br \/>\n79843 L\u00f6ffingen-Dittishausen<\/p>\n<p>Tel.: 07654-8088571<\/p>\n<iframe loading=\"lazy\" src=\"http:\/\/maps.google.de\/maps?f=q&amp;source=s_q&amp;hl=de&amp;geocode=&amp;q=In+den+R%C3%BCttenen+11,+79843+L%C3%B6ffingen-Dittishausen&amp;aq=&amp;sll=47.899621,8.358976&amp;sspn=0.002895,0.003605&amp;t=m&amp;ie=UTF8&amp;hq=&amp;hnear=In+den+R%C3%BCttenen+11,+79843+L%C3%B6ffingen,+Freiburg,+Baden-W%C3%BCrttemberg&amp;ll=47.89983,8.359737&amp;spn=0.023161,0.028839&amp;z=14&amp;output=embed&amp;iwloc=near\" frameborder=\"0\" marginwidth=\"0\" marginheight=\"0\" scrolling=\"no\" width=\"100%\" height=\"350\"><\/iframe>\r\n<small><a href=\"http:\/\/maps.google.de\/maps?f=q&amp;source=embed&amp;hl=de&amp;geocode=&amp;q=In+den+R%C3%BCttenen+11,+79843+L%C3%B6ffingen-Dittishausen&amp;aq=&amp;sll=47.899621,8.358976&amp;sspn=0.002895,0.003605&amp;t=m&amp;ie=UTF8&amp;hq=&amp;hnear=In+den+R%C3%BCttenen+11,+79843+L%C3%B6ffingen,+Freiburg,+Baden-W%C3%BCrttemberg&amp;ll=47.89983,8.359737&amp;spn=0.023161,0.028839&amp;z=14\" target=\"_blank\">Gr\u00f6\u00dfere Kartenansicht<\/a><\/small>\n<h4><\/h4>\n<h4><\/h4>\n<div><\/div>\n","protected":false},"excerpt":{"rendered":"<p>Ihre Vermieter: Ludwig und Melanie M\u00fcller Fischer-von-Erlach-Str. 72 06114 Halle (Saale) Tel.: 0345-5211618 Fax: 0345-5211619 mueller.halle@gmx.de Vermietung \u00fcber: Interhome GmbH Fliederstra\u00dfe 2 79843 L\u00f6ffingen-Dittishausen Tel.: 07654 922122 Fax: 07654-922124 dittishausen@interhome.de Das Haus Haus Ambiente In den R\u00fcttenen 11 79843 L\u00f6ffingen-Dittishausen Tel.: 07654-8088571<\/p>\n","protected":false},"author":1,"featured_media":260,"parent":0,"menu_order":5,"comment_status":"closed","ping_status":"closed","template":"","meta":{"footnotes":""},"class_list":["post-20","page","type-page","status-publish","has-post-thumbnail","hentry"],"_links":{"self":[{"href":"https:\/\/www.haus-ambiente.com\/index.php?rest_route=\/wp\/v2\/pages\/20","targetHints":{"allow":["GET"]}}],"collection":[{"href":"https:\/\/www.haus-ambiente.com\/index.php?rest_route=\/wp\/v2\/pages"}],"about":[{"href":"https:\/\/www.haus-ambiente.com\/index.php?rest_route=\/wp\/v2\/types\/page"}],"author":[{"embeddable":true,"href":"https:\/\/www.haus-ambiente.com\/index.php?rest_route=\/wp\/v2\/users\/1"}],"replies":[{"embeddable":true,"href":"https:\/\/www.haus-ambiente.com\/index.php?rest_route=%2Fwp%2Fv2%2Fcomments&post=20"}],"version-history":[{"count":21,"href":"https:\/\/www.haus-ambiente.com\/index.php?rest_route=\/wp\/v2\/pages\/20\/revisions"}],"predecessor-version":[{"id":289,"href":"https:\/\/www.haus-ambiente.com\/index.php?rest_route=\/wp\/v2\/pages\/20\/revisions\/289"}],"wp:featuredmedia":[{"embeddable":true,"href":"https:\/\/www.haus-ambiente.com\/index.php?rest_route=\/wp\/v2\/media\/260"}],"wp:attachment":[{"href":"https:\/\/www.haus-ambiente.com\/index.php?rest_route=%2Fwp%2Fv2%2Fmedia&parent=20"}],"curies":[{"name":"wp","href":"https:\/\/api.w.org\/{rel}","templated":true}]}}