{"id":5,"date":"2012-11-17T01:00:41","date_gmt":"2012-11-16T23:00:41","guid":{"rendered":"http:\/\/www.haus-ambiente.com\/wordpress\/?page_id=5"},"modified":"2020-05-03T18:49:37","modified_gmt":"2020-05-03T16:49:37","slug":"haus-ambiente","status":"publish","type":"page","link":"https:\/\/www.haus-ambiente.com\/","title":{"rendered":"Haus Ambiente"},"content":{"rendered":"<p>&nbsp;<\/p>\n<p>Unser Ferienhaus liegt in der N\u00e4he vieler touristischer Attraktionen des Hochschwarzwaldes im Feriendorf des L\u00f6ffinger Ortsteils Dittishausen. Es wurde 2012 erweitert, komplett modernisiert und vollst\u00e4ndig neu m\u00f6bliert. Die Ferienwohnung bietet auf zwei Etagen mit ca. 110 m\u00b2 Wohnfl\u00e4che viel Platz f\u00fcr einen angenehmen Aufenthalt. Es stehen drei Schlafzimmer mit sechs vollwertigen Betten zur Verf\u00fcgung. Bei Bedarf kann die Couch zu einem Doppelbett (1,40 \u00a0m breit) ausgeklappt werden. \u00a0F\u00fcr Familien mit Kleinkindern steht ein Kinderbett bereit.<\/p>\n<p>Das Haus ist hell, freundlich, sowie modern und stilvoll eingerichtet. Die R\u00e4ume sind lichtdurchflutet. Durch die gro\u00dfen Panoramafenster k\u00f6nnen Sie einen herrlichen Ausblick in die wundersch\u00f6ne Natur des S\u00fcdschwarzwaldes Richtung Feldberg genie\u00dfen. Die Terrasse liegt windgesch\u00fctzt, so dass die ersten Sonnenstrahlen am Morgen eine behagliche W\u00e4rme entstehen lassen. Kalte Winterabende k\u00f6nnen Sie am w\u00e4rmenden Kaminofen ausklingen lassen.<\/p>\n<p>Unseren G\u00e4sten steht eine Doppelgarage sowie ein Stellplatz vor der Garage zur Verf\u00fcgung.<\/p>\n<p>Beide Etagen verf\u00fcgen \u00fcber eine Fu\u00dfbodenheizung, die durch eine umweltfreundliche Erdw\u00e4rmepumpe betrieben wird. Das Telefon, sowie der DSL-Internetanschluss mit W-LAN k\u00f6nnen unentgeltlich genutzt werden.<\/p>\n<p>Im Keller steht eine Waschmaschine, \u00a0sowie ein Trockner zur Verf\u00fcgung.<\/p>\n<p>Der Garten bietet ausreichend Platz f\u00fcr Erholung. F\u00fcr die kleinen G\u00e4ste \u00a0gibt es in der Nachbarschaft einen Spielplatz. Gerne vermieten wir auch an Familien mit Kindern.<\/p>\n<p>Das ganze Haus ist ein Nichtraucherhaus.<\/p>\n","protected":false},"excerpt":{"rendered":"<p>&nbsp; Unser Ferienhaus liegt in der N\u00e4he vieler touristischer Attraktionen des Hochschwarzwaldes im Feriendorf des L\u00f6ffinger Ortsteils Dittishausen. Es wurde 2012 erweitert, komplett modernisiert und vollst\u00e4ndig neu m\u00f6bliert. Die Ferienwohnung bietet auf zwei Etagen mit ca. 110 m\u00b2 Wohnfl\u00e4che viel Platz f\u00fcr einen angenehmen Aufenthalt. Es stehen drei Schlafzimmer mit sechs vollwertigen Betten zur Verf\u00fcgung. [&hellip;]<\/p>\n","protected":false},"author":1,"featured_media":260,"parent":0,"menu_order":1,"comment_status":"closed","ping_status":"closed","template":"","meta":{"footnotes":""},"class_list":["post-5","page","type-page","status-publish","has-post-thumbnail","hentry"],"_links":{"self":[{"href":"https:\/\/www.haus-ambiente.com\/index.php?rest_route=\/wp\/v2\/pages\/5","targetHints":{"allow":["GET"]}}],"collection":[{"href":"https:\/\/www.haus-ambiente.com\/index.php?rest_route=\/wp\/v2\/pages"}],"about":[{"href":"https:\/\/www.haus-ambiente.com\/index.php?rest_route=\/wp\/v2\/types\/page"}],"author":[{"embeddable":true,"href":"https:\/\/www.haus-ambiente.com\/index.php?rest_route=\/wp\/v2\/users\/1"}],"replies":[{"embeddable":true,"href":"https:\/\/www.haus-ambiente.com\/index.php?rest_route=%2Fwp%2Fv2%2Fcomments&post=5"}],"version-history":[{"count":44,"href":"https:\/\/www.haus-ambiente.com\/index.php?rest_route=\/wp\/v2\/pages\/5\/revisions"}],"predecessor-version":[{"id":287,"href":"https:\/\/www.haus-ambiente.com\/index.php?rest_route=\/wp\/v2\/pages\/5\/revisions\/287"}],"wp:featuredmedia":[{"embeddable":true,"href":"https:\/\/www.haus-ambiente.com\/index.php?rest_route=\/wp\/v2\/media\/260"}],"wp:attachment":[{"href":"https:\/\/www.haus-ambiente.com\/index.php?rest_route=%2Fwp%2Fv2%2Fmedia&parent=5"}],"curies":[{"name":"wp","href":"https:\/\/api.w.org\/{rel}","templated":true}]}}