{"id":62,"date":"2012-12-02T17:38:30","date_gmt":"2012-12-02T15:38:30","guid":{"rendered":"http:\/\/www.haus-ambiente.com\/wordpress\/?page_id=62"},"modified":"2020-05-03T18:53:50","modified_gmt":"2020-05-03T16:53:50","slug":"impressum","status":"publish","type":"page","link":"https:\/\/www.haus-ambiente.com\/?page_id=62","title":{"rendered":"Impressum"},"content":{"rendered":"<p>Ludwig und Melanie M\u00fcller<br \/>\nFischer-von-Erlach-Str. 72<br \/>\n06114 Halle (Saale)<\/p>\n<p>Tel.: 0345-5211618<br \/>\nFax: 0345-5211619<\/p>\n<p>E-Mail:\u00a0<a href=\"mailto:mueller.halle@gmx.de\">mueller.halle@gmx.de<\/a><br \/>\nInternet: <a href=\"http:\/\/www.haus-ambiente.com\" target=\"_blank\" rel=\"noopener\">www.haus-ambiente.com<\/a><\/p>\n<p>Haftungshinweis: Trotz sorgf\u00e4ltiger inhaltlicher Kontrolle \u00fcbernehmen wir keine Haftung f\u00fcr die Inhalte externer Links. F\u00fcr den Inhalt der verlinkten Seiten sind ausschlie\u00dflich deren Betreiber verantwortlich.<\/p>\n<p>Website: <a href=\"http:\/\/www.behnelux.de\" target=\"_blank\" rel=\"noopener\">behnelux gestaltung<\/a><\/p>\n","protected":false},"excerpt":{"rendered":"<p>Ludwig und Melanie M\u00fcller Fischer-von-Erlach-Str. 72 06114 Halle (Saale) Tel.: 0345-5211618 Fax: 0345-5211619 E-Mail:\u00a0mueller.halle@gmx.de Internet: www.haus-ambiente.com Haftungshinweis: Trotz sorgf\u00e4ltiger inhaltlicher Kontrolle \u00fcbernehmen wir keine Haftung f\u00fcr die Inhalte externer Links. F\u00fcr den Inhalt der verlinkten Seiten sind ausschlie\u00dflich deren Betreiber verantwortlich. Website: behnelux gestaltung<\/p>\n","protected":false},"author":1,"featured_media":260,"parent":20,"menu_order":0,"comment_status":"closed","ping_status":"open","template":"","meta":{"footnotes":""},"class_list":["post-62","page","type-page","status-publish","has-post-thumbnail","hentry"],"_links":{"self":[{"href":"https:\/\/www.haus-ambiente.com\/index.php?rest_route=\/wp\/v2\/pages\/62","targetHints":{"allow":["GET"]}}],"collection":[{"href":"https:\/\/www.haus-ambiente.com\/index.php?rest_route=\/wp\/v2\/pages"}],"about":[{"href":"https:\/\/www.haus-ambiente.com\/index.php?rest_route=\/wp\/v2\/types\/page"}],"author":[{"embeddable":true,"href":"https:\/\/www.haus-ambiente.com\/index.php?rest_route=\/wp\/v2\/users\/1"}],"replies":[{"embeddable":true,"href":"https:\/\/www.haus-ambiente.com\/index.php?rest_route=%2Fwp%2Fv2%2Fcomments&post=62"}],"version-history":[{"count":5,"href":"https:\/\/www.haus-ambiente.com\/index.php?rest_route=\/wp\/v2\/pages\/62\/revisions"}],"predecessor-version":[{"id":290,"href":"https:\/\/www.haus-ambiente.com\/index.php?rest_route=\/wp\/v2\/pages\/62\/revisions\/290"}],"up":[{"embeddable":true,"href":"https:\/\/www.haus-ambiente.com\/index.php?rest_route=\/wp\/v2\/pages\/20"}],"wp:featuredmedia":[{"embeddable":true,"href":"https:\/\/www.haus-ambiente.com\/index.php?rest_route=\/wp\/v2\/media\/260"}],"wp:attachment":[{"href":"https:\/\/www.haus-ambiente.com\/index.php?rest_route=%2Fwp%2Fv2%2Fmedia&parent=62"}],"curies":[{"name":"wp","href":"https:\/\/api.w.org\/{rel}","templated":true}]}}