{"id":7,"date":"2012-11-17T01:03:33","date_gmt":"2012-11-16T23:03:33","guid":{"rendered":"http:\/\/www.haus-ambiente.com\/wordpress\/?page_id=7"},"modified":"2020-05-03T18:50:41","modified_gmt":"2020-05-03T16:50:41","slug":"wohnung-im-erdgeschoss","status":"publish","type":"page","link":"https:\/\/www.haus-ambiente.com\/?page_id=7","title":{"rendered":"Erdgeschoss"},"content":{"rendered":"<p>Die Wohnung im Erdgeschoss sowie den Garten\u00a0 erreichen Sie \u00fcber eine gro\u00dfz\u00fcgige\u00a0 Au\u00dfentreppe. Die gro\u00dfe \u00fcberdachte Terrasse auf der S\u00fcdwestseite gew\u00e4hrt Ihnen einen herrlichen Ausblick auf den Schwarzwald.<\/p>\n<h4>Wohnzimmer<\/h4>\n<ul>\n<li>Kaminofen mit Backofen<\/li>\n<li>HD-Flachbildfernseher<\/li>\n<li>Radio, CD, DVD-Player<\/li>\n<li>Gem\u00fctliche Couch, die bei Bedarf Platz f\u00fcr einen oder zwei weitere G\u00e4ste bietet<\/li>\n<li>2 gro\u00dfe Fenster mit unverbaubarer Aussicht Richtung Schwarzwald<\/li>\n<li>Ausgang zur Terrasse<\/li>\n<\/ul>\n<h4>Wohnk\u00fcche<\/h4>\n<ul>\n<li>moderne Einbauk\u00fcche mit<\/li>\n<li>Umluft-Elektroherd mit Ceranfeld<\/li>\n<li>Mikrowelle<\/li>\n<li>Sp\u00fclmaschine<\/li>\n<li>Kaffeemaschine<\/li>\n<li>Toaster, Eierkocher<\/li>\n<li>gro\u00dfz\u00fcgiger Esstisch f\u00fcr bis zu 8 Erwachsene<\/li>\n<li>Ausgang zur Terrasse<\/li>\n<\/ul>\n<h4>Schlafzimmer I<\/h4>\n<ul>\n<li>Doppelbett<\/li>\n<li>Kleiderschrank<\/li>\n<\/ul>\n<h4>Schlafzimmer II<\/h4>\n<ul>\n<li>2 Einzelbetten<\/li>\n<li>Kleiderschrank<\/li>\n<\/ul>\n<h4>Bad<\/h4>\n<ul>\n<li>moderne walk-in-Dusche<\/li>\n<li>freistehende Badewanne<\/li>\n<li>moderne Waschtischanlage<\/li>\n<li>WC<\/li>\n<li>Ausgang zum Garten<\/li>\n<\/ul>\n<h4>WC<\/h4>\n<h4>Gro\u00dfz\u00fcgiger Windfang und Diele<\/h4>\n<div><\/div>\n","protected":false},"excerpt":{"rendered":"<p>Die Wohnung im Erdgeschoss sowie den Garten\u00a0 erreichen Sie \u00fcber eine gro\u00dfz\u00fcgige\u00a0 Au\u00dfentreppe. Die gro\u00dfe \u00fcberdachte Terrasse auf der S\u00fcdwestseite gew\u00e4hrt Ihnen einen herrlichen Ausblick auf den Schwarzwald. Wohnzimmer Kaminofen mit Backofen HD-Flachbildfernseher Radio, CD, DVD-Player Gem\u00fctliche Couch, die bei Bedarf Platz f\u00fcr einen oder zwei weitere G\u00e4ste bietet 2 gro\u00dfe Fenster mit unverbaubarer Aussicht [&hellip;]<\/p>\n","protected":false},"author":1,"featured_media":260,"parent":5,"menu_order":1,"comment_status":"closed","ping_status":"closed","template":"","meta":{"footnotes":""},"class_list":["post-7","page","type-page","status-publish","has-post-thumbnail","hentry"],"_links":{"self":[{"href":"https:\/\/www.haus-ambiente.com\/index.php?rest_route=\/wp\/v2\/pages\/7","targetHints":{"allow":["GET"]}}],"collection":[{"href":"https:\/\/www.haus-ambiente.com\/index.php?rest_route=\/wp\/v2\/pages"}],"about":[{"href":"https:\/\/www.haus-ambiente.com\/index.php?rest_route=\/wp\/v2\/types\/page"}],"author":[{"embeddable":true,"href":"https:\/\/www.haus-ambiente.com\/index.php?rest_route=\/wp\/v2\/users\/1"}],"replies":[{"embeddable":true,"href":"https:\/\/www.haus-ambiente.com\/index.php?rest_route=%2Fwp%2Fv2%2Fcomments&post=7"}],"version-history":[{"count":9,"href":"https:\/\/www.haus-ambiente.com\/index.php?rest_route=\/wp\/v2\/pages\/7\/revisions"}],"predecessor-version":[{"id":205,"href":"https:\/\/www.haus-ambiente.com\/index.php?rest_route=\/wp\/v2\/pages\/7\/revisions\/205"}],"up":[{"embeddable":true,"href":"https:\/\/www.haus-ambiente.com\/index.php?rest_route=\/wp\/v2\/pages\/5"}],"wp:featuredmedia":[{"embeddable":true,"href":"https:\/\/www.haus-ambiente.com\/index.php?rest_route=\/wp\/v2\/media\/260"}],"wp:attachment":[{"href":"https:\/\/www.haus-ambiente.com\/index.php?rest_route=%2Fwp%2Fv2%2Fmedia&parent=7"}],"curies":[{"name":"wp","href":"https:\/\/api.w.org\/{rel}","templated":true}]}}