{"id":9,"date":"2012-11-17T01:04:14","date_gmt":"2012-11-16T23:04:14","guid":{"rendered":"http:\/\/www.haus-ambiente.com\/wordpress\/?page_id=9"},"modified":"2020-05-03T18:51:33","modified_gmt":"2020-05-03T16:51:33","slug":"wohnung-untergeschoss","status":"publish","type":"page","link":"https:\/\/www.haus-ambiente.com\/?page_id=9","title":{"rendered":"Untergeschoss"},"content":{"rendered":"<p>Die R\u00e4ume im Untergeschoss sind \u00fcber einen separaten Zugang von au\u00dfen erreichbar. Aufgrund der Hanglage sorgt ein gro\u00dfz\u00fcgiges Fenster f\u00fcr viel Licht.<\/p>\n<h4>Wohn-\/Schlafzimmer<\/h4>\n<ul>\n<li>Doppelbett<\/li>\n<li>Gro\u00dfz\u00fcgiger Kleiderschrank<\/li>\n<li>2 Sessel mit Tisch<\/li>\n<li>HD-Flachbildfernseher<\/li>\n<\/ul>\n<h4>Bad<\/h4>\n<ul>\n<li>moderne walk-in-Dusche<\/li>\n<li>Waschtisch<\/li>\n<li>WC<\/li>\n<\/ul>\n","protected":false},"excerpt":{"rendered":"<p>Die R\u00e4ume im Untergeschoss sind \u00fcber einen separaten Zugang von au\u00dfen erreichbar. Aufgrund der Hanglage sorgt ein gro\u00dfz\u00fcgiges Fenster f\u00fcr viel Licht. Wohn-\/Schlafzimmer Doppelbett Gro\u00dfz\u00fcgiger Kleiderschrank 2 Sessel mit Tisch HD-Flachbildfernseher Bad moderne walk-in-Dusche Waschtisch WC<\/p>\n","protected":false},"author":1,"featured_media":260,"parent":5,"menu_order":2,"comment_status":"closed","ping_status":"closed","template":"","meta":{"footnotes":""},"class_list":["post-9","page","type-page","status-publish","has-post-thumbnail","hentry"],"_links":{"self":[{"href":"https:\/\/www.haus-ambiente.com\/index.php?rest_route=\/wp\/v2\/pages\/9","targetHints":{"allow":["GET"]}}],"collection":[{"href":"https:\/\/www.haus-ambiente.com\/index.php?rest_route=\/wp\/v2\/pages"}],"about":[{"href":"https:\/\/www.haus-ambiente.com\/index.php?rest_route=\/wp\/v2\/types\/page"}],"author":[{"embeddable":true,"href":"https:\/\/www.haus-ambiente.com\/index.php?rest_route=\/wp\/v2\/users\/1"}],"replies":[{"embeddable":true,"href":"https:\/\/www.haus-ambiente.com\/index.php?rest_route=%2Fwp%2Fv2%2Fcomments&post=9"}],"version-history":[{"count":11,"href":"https:\/\/www.haus-ambiente.com\/index.php?rest_route=\/wp\/v2\/pages\/9\/revisions"}],"predecessor-version":[{"id":206,"href":"https:\/\/www.haus-ambiente.com\/index.php?rest_route=\/wp\/v2\/pages\/9\/revisions\/206"}],"up":[{"embeddable":true,"href":"https:\/\/www.haus-ambiente.com\/index.php?rest_route=\/wp\/v2\/pages\/5"}],"wp:featuredmedia":[{"embeddable":true,"href":"https:\/\/www.haus-ambiente.com\/index.php?rest_route=\/wp\/v2\/media\/260"}],"wp:attachment":[{"href":"https:\/\/www.haus-ambiente.com\/index.php?rest_route=%2Fwp%2Fv2%2Fmedia&parent=9"}],"curies":[{"name":"wp","href":"https:\/\/api.w.org\/{rel}","templated":true}]}}